{"id":1523,"date":"2025-09-12T15:12:26","date_gmt":"2025-09-12T15:12:26","guid":{"rendered":"https:\/\/pvz.se\/vdh\/?page_id=1523"},"modified":"2025-09-24T14:54:00","modified_gmt":"2025-09-24T14:54:00","slug":"batservice","status":"publish","type":"page","link":"https:\/\/pvz.se\/vdh\/batservice\/","title":{"rendered":"B\u00e5tservice"},"content":{"rendered":"\t\t<div data-elementor-type=\"wp-page\" data-elementor-id=\"1523\" class=\"elementor elementor-1523\" data-elementor-post-type=\"page\">\n\t\t\t\t<div class=\"elementor-element elementor-element-a83e2d3 e-con-full e-flex e-con e-parent\" data-id=\"a83e2d3\" data-element_type=\"container\" data-e-type=\"container\" data-settings=\"{&quot;background_background&quot;:&quot;classic&quot;}\">\n\t\t<div class=\"elementor-element elementor-element-25a2e29 e-con-full e-flex e-con e-child\" data-id=\"25a2e29\" data-element_type=\"container\" data-e-type=\"container\" data-settings=\"{&quot;background_background&quot;:&quot;classic&quot;}\">\n\t\t\t\t<div class=\"elementor-element elementor-element-20ce98e elementor-widget elementor-widget-image\" data-id=\"20ce98e\" data-element_type=\"widget\" data-e-type=\"widget\" data-widget_type=\"image.default\">\n\t\t\t\t<div class=\"elementor-widget-container\">\n\t\t\t\t\t\t\t\t\t\t\t\t\t\t\t<img fetchpriority=\"high\" decoding=\"async\" width=\"800\" height=\"290\" src=\"https:\/\/pvz.se\/vdh\/wp-content\/uploads\/2024\/07\/vedhamn_symbol-1-1024x371.png\" class=\"attachment-large size-large wp-image-522\" alt=\"\" srcset=\"https:\/\/pvz.se\/vdh\/wp-content\/uploads\/2024\/07\/vedhamn_symbol-1-1024x371.png 1024w, https:\/\/pvz.se\/vdh\/wp-content\/uploads\/2024\/07\/vedhamn_symbol-1-300x109.png 300w, https:\/\/pvz.se\/vdh\/wp-content\/uploads\/2024\/07\/vedhamn_symbol-1-768x278.png 768w, https:\/\/pvz.se\/vdh\/wp-content\/uploads\/2024\/07\/vedhamn_symbol-1-1536x556.png 1536w, https:\/\/pvz.se\/vdh\/wp-content\/uploads\/2024\/07\/vedhamn_symbol-1-2048x741.png 2048w\" sizes=\"(max-width: 800px) 100vw, 800px\" \/>\t\t\t\t\t\t\t\t\t\t\t\t\t\t\t<\/div>\n\t\t\t\t<\/div>\n\t\t\t\t<div class=\"elementor-element elementor-element-f9b3e7f elementor-widget elementor-widget-heading\" data-id=\"f9b3e7f\" data-element_type=\"widget\" data-e-type=\"widget\" data-settings=\"{&quot;_animation&quot;:&quot;none&quot;}\" data-widget_type=\"heading.default\">\n\t\t\t\t<div class=\"elementor-widget-container\">\n\t\t\t\t\t<h1 class=\"elementor-heading-title elementor-size-default\">B\u00e5tservice<\/h1>\t\t\t\t<\/div>\n\t\t\t\t<\/div>\n\t\t\t\t<\/div>\n\t\t\t\t<\/div>\n\t\t<div class=\"elementor-element elementor-element-546b86b9 e-con-full e-flex e-con e-parent\" data-id=\"546b86b9\" data-element_type=\"container\" data-e-type=\"container\" id=\"next\" data-settings=\"{&quot;background_background&quot;:&quot;classic&quot;}\">\n\t\t<div class=\"elementor-element elementor-element-7750884c e-con-full e-flex e-con e-child\" data-id=\"7750884c\" data-element_type=\"container\" data-e-type=\"container\" data-settings=\"{&quot;background_background&quot;:&quot;classic&quot;}\">\n\t\t\t\t<div class=\"elementor-element elementor-element-5962ac4 tablespace elementor-widget elementor-widget-heading\" data-id=\"5962ac4\" data-element_type=\"widget\" data-e-type=\"widget\" data-widget_type=\"heading.default\">\n\t\t\t\t<div class=\"elementor-widget-container\">\n\t\t\t\t\t<h2 class=\"elementor-heading-title elementor-size-default\">Prislista f\u00f6r b\u00e5tservice<\/h2>\t\t\t\t<\/div>\n\t\t\t\t<\/div>\n\t\t\t\t<div class=\"elementor-element elementor-element-fc27cd3 elementor-widget elementor-widget-text-editor\" data-id=\"fc27cd3\" data-element_type=\"widget\" data-e-type=\"widget\" data-widget_type=\"text-editor.default\">\n\t\t\t\t<div class=\"elementor-widget-container\">\n\t\t\t\t\t\t\t\t\t<p>Priserna \u00e4r cirkapriser inkl.moms, arbete och material.<br \/>Observera att b\u00e5tarna m\u00e5ste vara f\u00f6rs\u00e4krade.<br \/>Det kommer inte att vara till\u00e5tet att utf\u00f6ra n\u00e5gra egna arbeten p\u00e5 b\u00e5ten n\u00e4r den \u00e4r uppst\u00e4lld hos Vedhamn.<\/p><p>Kontakta oss ang\u00e5nde b\u00e5tv\u00e5rd p\u00e5 telefon 0761-30 30 30 eller e-post info@vedhamn.com<\/p>\t\t\t\t\t\t\t\t<\/div>\n\t\t\t\t<\/div>\n\t\t\t\t<div class=\"elementor-element elementor-element-dfbd6ef elementor-widget elementor-widget-text-editor\" data-id=\"dfbd6ef\" data-element_type=\"widget\" data-e-type=\"widget\" data-widget_type=\"text-editor.default\">\n\t\t\t\t<div class=\"elementor-widget-container\">\n\t\t\t\t\t\t\t\t\t<p><span style=\"font-weight: bold;\"><span lang=\"SV\" style=\"font-size: 14pt;\">UPPTAGNING INKL. SPOLNING AV BOTTEN<\/span><\/span><\/p><table border=\"1\" width=\"100%\"><tbody><tr><td>&lt;6m<\/td><td>&lt;8m<\/td><td>&lt;10m<\/td><td>&lt;12m<\/td><\/tr><tr><td>1700:-<\/td><td>1950:-<\/td><td>2350:-<\/td><td>2800:-<\/td><\/tr><\/tbody><\/table><p><span lang=\"SV\">B\u00e5t ej vinterf\u00f6rvarad i Vedhamn:<\/span><\/p><table border=\"1\" width=\"100%\"><tbody><tr><td>&lt;6m<\/td><td>&lt;8m<\/td><td>&lt;10m<\/td><td>&lt;12m<\/td><\/tr><tr><td>1900:-<\/td><td>2250:-<\/td><td>2550:-<\/td><td>3150:-<\/td><\/tr><\/tbody><\/table><p><span lang=\"SV\" style=\"font-size: 11.0pt;\">\u00a0<\/span><\/p><p><span lang=\"SV\" style=\"font-size: 11.0pt;\">\u00a0<\/span><b><span lang=\"SV\" style=\"font-size: 14pt;\">SJ\u00d6S\u00c4TTNING<\/span><\/b><\/p><table border=\"1\" width=\"100%\"><tbody><tr><td>&lt;6m<\/td><td>&lt;8m<\/td><td>&lt;10m<\/td><td>&lt;12m<\/td><\/tr><tr><td>1000:-<\/td><td>1200:-<\/td><td>1600:-<\/td><td>2000:-<\/td><\/tr><\/tbody><\/table><p>B\u00e5t ej vinterf\u00f6rvarad i Vedhamn:<\/p><table border=\"1\" width=\"100%\"><tbody><tr><td>&lt;6m<\/td><td>&lt;8m<\/td><td>&lt;10m<\/td><td>&lt;12m<\/td><\/tr><tr><td>1100:-<\/td><td>1300:-<\/td><td>1750:-<\/td><td>2200:-<\/td><\/tr><\/tbody><\/table><p><b><span lang=\"SV\" style=\"font-size: 14pt;\">KRYMPLASTNING<\/span><\/b><span style=\"font-size: 14pt;\">\u00a0<\/span><\/p><p><span lang=\"SV\" style=\"font-size: 14.0pt;\">6m\u00a0\u00a0\u00a0 3619:-<\/span><\/p><p><span lang=\"SV\" style=\"font-size: 14.0pt;\">7m\u00a0\u00a0\u00a0 4469:-<\/span><\/p><p><span lang=\"SV\" style=\"font-size: 14.0pt;\">8m\u00a0\u00a0\u00a0 5403:-<\/span><\/p><p><span lang=\"SV\" style=\"font-size: 14.0pt;\">9m\u00a0\u00a0\u00a0 6113:-<\/span><\/p><p><span lang=\"SV\" style=\"font-size: 14.0pt;\">\u00a0<\/span><\/p><p><span style=\"font-size: 18.6667px;\"><b>VINTERF\u00d6RVARING INKL. PALLNING<\/b><\/span><\/p><p><span lang=\"SV\" style=\"font-size: 14.0pt;\">Kallhall\u00a0\u00a0\u00a0\u00a0\u00a0\u00a0\u00a0\u00a0\u00a0\u00a0\u00a0\u00a0\u00a0\u00a0\u00a0\u00a0\u00a0\u00a0\u00a0\u00a0\u00a0\u00a0\u00a0 sluts\u00e5lt<\/span><\/p><p><span lang=\"SV\" style=\"font-size: 14.0pt;\">Varmhall\u00a0\u00a0\u00a0\u00a0\u00a0\u00a0\u00a0\u00a0\u00a0\u00a0\u00a0\u00a0\u00a0\u00a0\u00a0\u00a0\u00a0\u00a0\u00a0\u00a0\u00a0\u00a0 sluts\u00e5lt<\/span><\/p><p><span lang=\"SV\" style=\"font-size: 14.0pt;\">Utomhus inh\u00e4gnat\u00a0\u00a0\u00a0\u00a0\u00a0\u00a0\u00a0\u00a0\u00a0 350:-<\/span><span lang=\"SV\" style=\"font-size: 11.0pt;\">\/ kvm*<\/span><\/p><p><span lang=\"SV\" style=\"font-size: 14.0pt;\">Utomhus\u00a0\u00a0\u00a0\u00a0\u00a0\u00a0\u00a0\u00a0\u00a0\u00a0\u00a0\u00a0\u00a0\u00a0\u00a0\u00a0\u00a0\u00a0\u00a0\u00a0\u00a0\u00a0 300:-<\/span><span lang=\"SV\" style=\"font-size: 11.0pt;\">\/ kvm*<\/span><\/p><p><span lang=\"SV\" style=\"font-size: 11.0pt;\">*L X B inkl badbrygga\/motor, peke upph\u00f6jd till n\u00e4rmsta halvmeter\u00a0<\/span><\/p><p><span lang=\"SV\" style=\"font-size: 14.0pt;\">\u00a0<\/span><\/p><p><b><span lang=\"SV\" style=\"font-size: 14.0pt;\">Bottenm\u00e5lning<\/span><\/b><span lang=\"SV\" style=\"font-size: 14.0pt;\">\u00a0 \u00a0<b>700:-\/m\u00a0 \u00a0 \u00a0<\/b><\/span><span style=\"font-size: 14pt;\">\u00a0<\/span><\/p><p><b><span lang=\"SV\" style=\"font-size: 14.0pt;\">Batteriladdning och\u00a0<\/span><\/b><b><span lang=\"SV\" style=\"font-size: 14.0pt;\">konditionstest\u00a0<\/span><\/b><span lang=\"SV\" style=\"font-size: 14pt;\"><b>300:-<\/b><\/span><\/p><p><b><span lang=\"SV\" style=\"font-size: 14.0pt;\">Trailer\u00a0sommars\u00e4song\u00a0 1500:-<\/span><\/b><\/p><p><span lang=\"SV\" style=\"font-size: 14.0pt;\">\u00a0<\/span><\/p><p><span style=\"font-size: 18.6667px;\"><b>MOTORSERVICE<\/b><\/span><\/p><p><span lang=\"SV\" style=\"font-size: 14.0pt;\">S\u00f6tvattensk\u00f6rning\u00a0\u00a0\u00a0\u00a0\u00a0\u00a0\u00a0\u00a0\u00a0 600:-<\/span><\/p><p><span lang=\"SV\" style=\"font-size: 14.0pt;\">\u00f6vrig service enl<br \/>offert<\/span><\/p>\t\t\t\t\t\t\t\t<\/div>\n\t\t\t\t<\/div>\n\t\t\t\t<\/div>\n\t\t\t\t<\/div>\n\t\t\t\t<\/div>\n\t\t","protected":false},"excerpt":{"rendered":"<p>B\u00e5tservice Prislista f\u00f6r b\u00e5tservice Priserna \u00e4r cirkapriser inkl.moms, arbete och material.Observera att b\u00e5tarna m\u00e5ste vara f\u00f6rs\u00e4krade.Det kommer inte att vara till\u00e5tet att utf\u00f6ra n\u00e5gra egna arbeten p\u00e5 b\u00e5ten n\u00e4r den \u00e4r uppst\u00e4lld hos Vedhamn. Kontakta oss ang\u00e5nde b\u00e5tv\u00e5rd p\u00e5 telefon 0761-30 30 30 eller e-post info@vedhamn.com UPPTAGNING INKL. SPOLNING AV BOTTEN &lt;6m &lt;8m &lt;10m &lt;12m [&hellip;]<\/p>\n","protected":false},"author":1,"featured_media":0,"parent":0,"menu_order":0,"comment_status":"closed","ping_status":"closed","template":"elementor_header_footer","meta":{"footnotes":""},"class_list":["post-1523","page","type-page","status-publish","hentry"],"_links":{"self":[{"href":"https:\/\/pvz.se\/vdh\/wp-json\/wp\/v2\/pages\/1523","targetHints":{"allow":["GET"]}}],"collection":[{"href":"https:\/\/pvz.se\/vdh\/wp-json\/wp\/v2\/pages"}],"about":[{"href":"https:\/\/pvz.se\/vdh\/wp-json\/wp\/v2\/types\/page"}],"author":[{"embeddable":true,"href":"https:\/\/pvz.se\/vdh\/wp-json\/wp\/v2\/users\/1"}],"replies":[{"embeddable":true,"href":"https:\/\/pvz.se\/vdh\/wp-json\/wp\/v2\/comments?post=1523"}],"version-history":[{"count":38,"href":"https:\/\/pvz.se\/vdh\/wp-json\/wp\/v2\/pages\/1523\/revisions"}],"predecessor-version":[{"id":1580,"href":"https:\/\/pvz.se\/vdh\/wp-json\/wp\/v2\/pages\/1523\/revisions\/1580"}],"wp:attachment":[{"href":"https:\/\/pvz.se\/vdh\/wp-json\/wp\/v2\/media?parent=1523"}],"curies":[{"name":"wp","href":"https:\/\/api.w.org\/{rel}","templated":true}]}}