{"id":228,"date":"2024-07-16T19:17:31","date_gmt":"2024-07-16T19:17:31","guid":{"rendered":"https:\/\/pvz.se\/vdh\/?page_id=228"},"modified":"2024-07-18T21:59:45","modified_gmt":"2024-07-18T21:59:45","slug":"paddling","status":"publish","type":"page","link":"https:\/\/pvz.se\/vdh\/paddling\/","title":{"rendered":"Paddling"},"content":{"rendered":"\t\t<div data-elementor-type=\"wp-page\" data-elementor-id=\"228\" class=\"elementor elementor-228\" data-elementor-post-type=\"page\">\n\t\t\t\t<div class=\"elementor-element elementor-element-a83e2d3 e-con-full e-flex e-con e-parent\" data-id=\"a83e2d3\" data-element_type=\"container\" data-e-type=\"container\" data-settings=\"{&quot;background_background&quot;:&quot;classic&quot;}\">\n\t\t<div class=\"elementor-element elementor-element-5c4903c e-con-full e-flex e-con e-child\" data-id=\"5c4903c\" data-element_type=\"container\" data-e-type=\"container\" data-settings=\"{&quot;background_background&quot;:&quot;classic&quot;}\">\n\t\t<div class=\"elementor-element elementor-element-99a75d5 e-con-full e-flex e-con e-child\" data-id=\"99a75d5\" data-element_type=\"container\" data-e-type=\"container\" data-settings=\"{&quot;background_background&quot;:&quot;classic&quot;}\">\n\t\t\t\t<div class=\"elementor-element elementor-element-f8e57a7 elementor-widget elementor-widget-image\" data-id=\"f8e57a7\" data-element_type=\"widget\" data-e-type=\"widget\" data-widget_type=\"image.default\">\n\t\t\t\t<div class=\"elementor-widget-container\">\n\t\t\t\t\t\t\t\t\t\t\t\t\t\t\t<img fetchpriority=\"high\" decoding=\"async\" width=\"800\" height=\"290\" src=\"https:\/\/pvz.se\/vdh\/wp-content\/uploads\/2024\/07\/vedhamn_symbol-1-1024x371.png\" class=\"attachment-large size-large wp-image-522\" alt=\"\" srcset=\"https:\/\/pvz.se\/vdh\/wp-content\/uploads\/2024\/07\/vedhamn_symbol-1-1024x371.png 1024w, https:\/\/pvz.se\/vdh\/wp-content\/uploads\/2024\/07\/vedhamn_symbol-1-300x109.png 300w, https:\/\/pvz.se\/vdh\/wp-content\/uploads\/2024\/07\/vedhamn_symbol-1-768x278.png 768w, https:\/\/pvz.se\/vdh\/wp-content\/uploads\/2024\/07\/vedhamn_symbol-1-1536x556.png 1536w, https:\/\/pvz.se\/vdh\/wp-content\/uploads\/2024\/07\/vedhamn_symbol-1-2048x741.png 2048w\" sizes=\"(max-width: 800px) 100vw, 800px\" \/>\t\t\t\t\t\t\t\t\t\t\t\t\t\t\t<\/div>\n\t\t\t\t<\/div>\n\t\t\t\t<div class=\"elementor-element elementor-element-a609af8 elementor-widget elementor-widget-heading\" data-id=\"a609af8\" data-element_type=\"widget\" data-e-type=\"widget\" data-settings=\"{&quot;_animation&quot;:&quot;none&quot;}\" data-widget_type=\"heading.default\">\n\t\t\t\t<div class=\"elementor-widget-container\">\n\t\t\t\t\t<h1 class=\"elementor-heading-title elementor-size-default\">Paddling<\/h1>\t\t\t\t<\/div>\n\t\t\t\t<\/div>\n\t\t\t\t<\/div>\n\t\t\t\t<\/div>\n\t\t\t\t<\/div>\n\t\t<div class=\"elementor-element elementor-element-546b86b9 e-con-full e-flex e-con e-parent\" data-id=\"546b86b9\" data-element_type=\"container\" data-e-type=\"container\" id=\"next\" data-settings=\"{&quot;background_background&quot;:&quot;classic&quot;}\">\n\t\t<div class=\"elementor-element elementor-element-7750884c e-con-full e-flex e-con e-child\" data-id=\"7750884c\" data-element_type=\"container\" data-e-type=\"container\" data-settings=\"{&quot;background_background&quot;:&quot;classic&quot;}\">\n\t\t\t\t<div class=\"elementor-element elementor-element-d092d8d tablespace elementor-widget elementor-widget-heading\" data-id=\"d092d8d\" data-element_type=\"widget\" data-e-type=\"widget\" data-widget_type=\"heading.default\">\n\t\t\t\t<div class=\"elementor-widget-container\">\n\t\t\t\t\t<h2 class=\"elementor-heading-title elementor-size-default\">Priser &amp; bokning<\/h2>\t\t\t\t<\/div>\n\t\t\t\t<\/div>\n\t\t\t\t<div class=\"elementor-element elementor-element-545d57c0 elementor-widget elementor-widget-text-editor\" data-id=\"545d57c0\" data-element_type=\"widget\" data-e-type=\"widget\" data-widget_type=\"text-editor.default\">\n\t\t\t\t<div class=\"elementor-widget-container\">\n\t\t\t\t\t\t\t\t\t<p>L\u00e4ngst ut p\u00e5 bryggan i Vedhalls hamn erbjuder vi uthyrning av havskajaker via sj\u00e4lvbetj\u00e4ning. Du genomf\u00f6r din bokning, l\u00e5ser upp och g\u00f6r dig redo f\u00f6r en h\u00e4rlig paddeltur p\u00e5 havet. Bokningen g\u00f6rs online \u2013 klicka p\u00e5 knappen <b>BOKA NU<\/b>&nbsp;nere i h\u00f6gra h\u00f6rnet p\u00e5 denna sida! Priserna f\u00f6r en- respektive tv\u00e5manskajak ser du h\u00e4r nedanf\u00f6r.<\/p>\t\t\t\t\t\t\t\t<\/div>\n\t\t\t\t<\/div>\n\t\t\t\t<div class=\"elementor-element elementor-element-c5a4fea tablespace elementor-widget elementor-widget-text-editor\" data-id=\"c5a4fea\" data-element_type=\"widget\" data-e-type=\"widget\" data-widget_type=\"text-editor.default\">\n\t\t\t\t<div class=\"elementor-widget-container\">\n\t\t\t\t\t\t\t\t\t<table border=\"0\" width=\"100%\" cellspacing=\"0\" cellpadding=\"0\"><tbody><tr><td width=\"25%\"><strong>Boknings-l\u00e4ngd<\/strong><\/td><td width=\"30%\"><b>Enmans-kajak<\/b><\/td><td width=\"45%\"><strong>Tv\u00e5mans-kajak<\/strong><\/td><\/tr><tr><td>3 timmar<\/td><td>395:-<\/td><td>595:-<\/td><\/tr><tr><td>6 timmar<\/td><td>650:-<\/td><td>795:-<\/td><\/tr><tr><td>9 timmar<\/td><td>850:-<\/td><td>950:-<\/td><\/tr><\/tbody><\/table>\t\t\t\t\t\t\t\t<\/div>\n\t\t\t\t<\/div>\n\t\t\t\t<div class=\"elementor-element elementor-element-38c8ead elementor-widget elementor-widget-text-editor\" data-id=\"38c8ead\" data-element_type=\"widget\" data-e-type=\"widget\" data-widget_type=\"text-editor.default\">\n\t\t\t\t<div class=\"elementor-widget-container\">\n\t\t\t\t\t\t\t\t\t<p>Klicka p\u00e5 knappen <b>BOKA NU<\/b>\u00a0nere i h\u00f6gra h\u00f6rnet f\u00f6r att boka!<\/p>\t\t\t\t\t\t\t\t<\/div>\n\t\t\t\t<\/div>\n\t\t\t\t<div class=\"elementor-element elementor-element-ac4e38a elementor-widget elementor-widget-html\" data-id=\"ac4e38a\" data-element_type=\"widget\" data-e-type=\"widget\" data-widget_type=\"html.default\">\n\t\t\t\t<div class=\"elementor-widget-container\">\n\t\t\t\t\t<script>\n  var APP_ID=\"6776ea9025e82684d7a0cdc3e0fc6569dea0885e979ea0a5651197544e7451c3\";\n  var WIDGET_ID=\"bZ0FfhiJaMfCtF1\";\n  if (typeof window.outventuresSettings == \"undefined\") {window.outventuresSettings = [];}\n  window.outventuresSettings.push({\n    base_url: \"https:\/\/app.outventures.se\/widget\/\",\n    app_id: APP_ID,\n    widget_id: WIDGET_ID,\n    floating: true,\n    btn_text: {\"sv\":\"Boka nu\",\"en\":\"Boka nu\"},\n    btn_style: { \"size\": \"large\", \"bg\": \"#0B0911\", \"color\": \"#ffffff\"},\n    list_view: \"products\",\n    product_types: [\"products\",\"vouchers\"],\n  });\n<\/script>\n<script id=\"ovbs-scriptbZ0FfhiJaMfCtF1\">var w=window;var d=document;var l=function(){var s=d.createElement(\"script\");s.type=\"text\/javascript\";s.async=true;s.src=\"https:\/\/app.outventures.se\/widget\/widget.js\";if(document.querySelectorAll('[src=\"' + s.src + '\"]').length == 0){var x=d.getElementsByTagName(\"script\")[0];x.parentNode.insertBefore(s, x);}};if(w.attachEvent){w.attachEvent(\"onload\",l);}else{w.addEventListener(\"load\",l,false);}<\/script>\t\t\t\t<\/div>\n\t\t\t\t<\/div>\n\t\t\t\t<\/div>\n\t\t<div class=\"elementor-element elementor-element-9ca1324 e-con-full e-flex e-con e-child\" data-id=\"9ca1324\" data-element_type=\"container\" data-e-type=\"container\" data-settings=\"{&quot;background_background&quot;:&quot;classic&quot;}\">\n\t\t\t\t<div class=\"elementor-element elementor-element-e172e0d tablespace elementor-widget elementor-widget-heading\" data-id=\"e172e0d\" data-element_type=\"widget\" data-e-type=\"widget\" data-widget_type=\"heading.default\">\n\t\t\t\t<div class=\"elementor-widget-container\">\n\t\t\t\t\t<h2 class=\"elementor-heading-title elementor-size-default\">Info efter bokning<\/h2>\t\t\t\t<\/div>\n\t\t\t\t<\/div>\n\t\t\t\t<div class=\"elementor-element elementor-element-0ff1416 elementor-widget elementor-widget-text-editor\" data-id=\"0ff1416\" data-element_type=\"widget\" data-e-type=\"widget\" data-widget_type=\"text-editor.default\">\n\t\t\t\t<div class=\"elementor-widget-container\">\n\t\t\t\t\t\t\t\t\t<p>30 minuter innan bokad tid f\u00e5r du en kod via SMS eller e-post som anv\u00e4nds f\u00f6r att l\u00e5sa upp utrustningen i Vedhalls hamn. I kajakens packutrymme hittar du flytv\u00e4st (40-120 kg), kappa (st\u00e4nkskydd) och karta. Paddel finns i sittbrunnen.<\/p>\n<p><b>F\u00f6rbered f\u00f6r avf\u00e4rd<br><\/b><span style=\"color: var( --e-global-color-e2b494d ); font-family: var( --e-global-typography-text-font-family ), Sans-serif; font-size: var( --e-global-typography-text-font-size ); font-style: var( --e-global-typography-text-font-style ); font-weight: var( --e-global-typography-text-font-weight ); letter-spacing: var( --e-global-typography-text-letter-spacing ); text-transform: var( --e-global-typography-text-text-transform ); word-spacing: var( --e-global-typography-text-word-spacing ); background-color: var( --e-global-color-primary ); text-align: var(--text-align);\">Packa med dig det du \u00f6nskar, ta p\u00e5 dig flytv\u00e4st, f\u00e4ll ner rodret och placera kajaken i havet l\u00e4ngs bryggan. N\u00e4r du placerat dig i kajaken st\u00e4ller du in fotpedalerna som du styr rodret med. F\u00f6r att st\u00e4lla in fotpedalerna vrider du p\u00e5 den r\u00f6da spaken som finns n\u00e5got l\u00e4ngre fram i sittbrunnen, justerar den svarta pedalen till \u00f6nskat l\u00e4ge och vrider sedan tillbaka den r\u00f6da spaken f\u00f6r att l\u00e5sa fast pedalerna. I tv\u00e5manskajakerna sker styrning av rodret fr\u00e5n den bakre sittbrunnen. I den fr\u00e4mre sittbrunnen st\u00e4lls ist\u00e4llet fotst\u00f6d in till \u00f6nskat l\u00e4ge. Vi rekommenderar att flytta bak fotpedalerna s\u00e5 l\u00e5ngt som m\u00f6jligt innan du placerar kajaken i vattnet f\u00f6r att underl\u00e4tta justeringen n\u00e4r du sitter i kajaken.<\/span><\/p>\n<p><b>Dags att paddla<br><\/b><span style=\"color: var( --e-global-color-e2b494d ); font-family: var( --e-global-typography-text-font-family ), Sans-serif; font-size: var( --e-global-typography-text-font-size ); font-style: var( --e-global-typography-text-font-style ); font-weight: var( --e-global-typography-text-font-weight ); letter-spacing: var( --e-global-typography-text-letter-spacing ); text-transform: var( --e-global-typography-text-text-transform ); word-spacing: var( --e-global-typography-text-word-spacing ); background-color: var( --e-global-color-primary ); text-align: var(--text-align);\">Nu \u00e4r du redo f\u00f6r en fantastisk upplevelse p\u00e5 havet. Var f\u00f6rsiktig och t\u00e4nk p\u00e5 din s\u00e4kerhet! Tagga oss g\u00e4rna p\u00e5 sociala medier @paddeldrommar n\u00e4r du paddlar hos oss.<\/span><\/p>\n<p><b>\u00c5ter i hamn<br><\/b><span style=\"color: var( --e-global-color-e2b494d ); font-family: var( --e-global-typography-text-font-family ), Sans-serif; font-size: var( --e-global-typography-text-font-size ); font-style: var( --e-global-typography-text-font-style ); font-weight: var( --e-global-typography-text-font-weight ); letter-spacing: var( --e-global-typography-text-letter-spacing ); text-transform: var( --e-global-typography-text-text-transform ); word-spacing: var( --e-global-typography-text-word-spacing ); background-color: var( --e-global-color-primary ); text-align: var(--text-align);\">N\u00e4r din hyrestid \u00e4r slut l\u00e4mnar du tillbaka din utrustning d\u00e4r du h\u00e4mtade den. Se till att utrustningen \u00e4r hel, ren och ligger p\u00e5 samma s\u00e4tt som n\u00e4r du h\u00e4mtade ut den. L\u00e5s fast utrustningen.<\/span><\/p>\t\t\t\t\t\t\t\t<\/div>\n\t\t\t\t<\/div>\n\t\t\t\t<\/div>\n\t\t\t\t<\/div>\n\t\t<div class=\"elementor-element elementor-element-4cac681 e-con-full e-flex e-con e-parent\" data-id=\"4cac681\" data-element_type=\"container\" data-e-type=\"container\" data-settings=\"{&quot;background_background&quot;:&quot;classic&quot;}\">\n\t\t<div class=\"elementor-element elementor-element-974ad91 e-con-full e-flex e-con e-child\" data-id=\"974ad91\" data-element_type=\"container\" data-e-type=\"container\" data-settings=\"{&quot;background_background&quot;:&quot;classic&quot;}\">\n\t\t\t\t<div class=\"elementor-element elementor-element-be0e4ba elementor-widget elementor-widget-image-gallery\" data-id=\"be0e4ba\" data-element_type=\"widget\" data-e-type=\"widget\" data-widget_type=\"image-gallery.default\">\n\t\t\t\t<div class=\"elementor-widget-container\">\n\t\t\t\t\t\t\t<div class=\"elementor-image-gallery\">\n\t\t\t<div id='gallery-1' class='gallery galleryid-228 gallery-columns-4 gallery-size-full'><figure class='gallery-item'>\n\t\t\t<div class='gallery-icon landscape'>\n\t\t\t\t<a data-elementor-open-lightbox=\"yes\" data-elementor-lightbox-slideshow=\"be0e4ba\" data-elementor-lightbox-title=\"paddel_2\" data-e-action-hash=\"#elementor-action%3Aaction%3Dlightbox%26settings%3DeyJpZCI6MTMxMSwidXJsIjoiaHR0cHM6XC9cL3B2ei5zZVwvdmRoXC93cC1jb250ZW50XC91cGxvYWRzXC8yMDI0XC8wN1wvcGFkZGVsXzItc2NhbGVkLmpwZyIsInNsaWRlc2hvdyI6ImJlMGU0YmEifQ%3D%3D\" href='https:\/\/pvz.se\/vdh\/wp-content\/uploads\/2024\/07\/paddel_2-scaled.jpg'><img decoding=\"async\" width=\"2560\" height=\"2560\" src=\"https:\/\/pvz.se\/vdh\/wp-content\/uploads\/2024\/07\/paddel_2-scaled.jpg\" class=\"attachment-full size-full\" alt=\"\" srcset=\"https:\/\/pvz.se\/vdh\/wp-content\/uploads\/2024\/07\/paddel_2-scaled.jpg 2560w, https:\/\/pvz.se\/vdh\/wp-content\/uploads\/2024\/07\/paddel_2-300x300.jpg 300w, https:\/\/pvz.se\/vdh\/wp-content\/uploads\/2024\/07\/paddel_2-1024x1024.jpg 1024w, https:\/\/pvz.se\/vdh\/wp-content\/uploads\/2024\/07\/paddel_2-150x150.jpg 150w, https:\/\/pvz.se\/vdh\/wp-content\/uploads\/2024\/07\/paddel_2-768x768.jpg 768w, https:\/\/pvz.se\/vdh\/wp-content\/uploads\/2024\/07\/paddel_2-1536x1536.jpg 1536w, https:\/\/pvz.se\/vdh\/wp-content\/uploads\/2024\/07\/paddel_2-2048x2048.jpg 2048w\" sizes=\"(max-width: 2560px) 100vw, 2560px\" \/><\/a>\n\t\t\t<\/div><\/figure><figure class='gallery-item'>\n\t\t\t<div class='gallery-icon landscape'>\n\t\t\t\t<a data-elementor-open-lightbox=\"yes\" data-elementor-lightbox-slideshow=\"be0e4ba\" data-elementor-lightbox-title=\"paddel_1\" data-e-action-hash=\"#elementor-action%3Aaction%3Dlightbox%26settings%3DeyJpZCI6MTMxMiwidXJsIjoiaHR0cHM6XC9cL3B2ei5zZVwvdmRoXC93cC1jb250ZW50XC91cGxvYWRzXC8yMDI0XC8wN1wvcGFkZGVsXzEuanBnIiwic2xpZGVzaG93IjoiYmUwZTRiYSJ9\" href='https:\/\/pvz.se\/vdh\/wp-content\/uploads\/2024\/07\/paddel_1.jpg'><img decoding=\"async\" width=\"1534\" height=\"1534\" src=\"https:\/\/pvz.se\/vdh\/wp-content\/uploads\/2024\/07\/paddel_1.jpg\" class=\"attachment-full size-full\" alt=\"\" srcset=\"https:\/\/pvz.se\/vdh\/wp-content\/uploads\/2024\/07\/paddel_1.jpg 1534w, https:\/\/pvz.se\/vdh\/wp-content\/uploads\/2024\/07\/paddel_1-300x300.jpg 300w, https:\/\/pvz.se\/vdh\/wp-content\/uploads\/2024\/07\/paddel_1-1024x1024.jpg 1024w, https:\/\/pvz.se\/vdh\/wp-content\/uploads\/2024\/07\/paddel_1-150x150.jpg 150w, https:\/\/pvz.se\/vdh\/wp-content\/uploads\/2024\/07\/paddel_1-768x768.jpg 768w\" sizes=\"(max-width: 1534px) 100vw, 1534px\" \/><\/a>\n\t\t\t<\/div><\/figure><figure class='gallery-item'>\n\t\t\t<div class='gallery-icon landscape'>\n\t\t\t\t<a data-elementor-open-lightbox=\"yes\" data-elementor-lightbox-slideshow=\"be0e4ba\" data-elementor-lightbox-title=\"paddel_4\" data-e-action-hash=\"#elementor-action%3Aaction%3Dlightbox%26settings%3DeyJpZCI6MTMxMCwidXJsIjoiaHR0cHM6XC9cL3B2ei5zZVwvdmRoXC93cC1jb250ZW50XC91cGxvYWRzXC8yMDI0XC8wN1wvcGFkZGVsXzQtc2NhbGVkLmpwZyIsInNsaWRlc2hvdyI6ImJlMGU0YmEifQ%3D%3D\" href='https:\/\/pvz.se\/vdh\/wp-content\/uploads\/2024\/07\/paddel_4-scaled.jpg'><img loading=\"lazy\" decoding=\"async\" width=\"2560\" height=\"2560\" src=\"https:\/\/pvz.se\/vdh\/wp-content\/uploads\/2024\/07\/paddel_4-scaled.jpg\" class=\"attachment-full size-full\" alt=\"\" srcset=\"https:\/\/pvz.se\/vdh\/wp-content\/uploads\/2024\/07\/paddel_4-scaled.jpg 2560w, https:\/\/pvz.se\/vdh\/wp-content\/uploads\/2024\/07\/paddel_4-300x300.jpg 300w, https:\/\/pvz.se\/vdh\/wp-content\/uploads\/2024\/07\/paddel_4-1024x1024.jpg 1024w, https:\/\/pvz.se\/vdh\/wp-content\/uploads\/2024\/07\/paddel_4-150x150.jpg 150w, https:\/\/pvz.se\/vdh\/wp-content\/uploads\/2024\/07\/paddel_4-768x768.jpg 768w, https:\/\/pvz.se\/vdh\/wp-content\/uploads\/2024\/07\/paddel_4-1536x1536.jpg 1536w, https:\/\/pvz.se\/vdh\/wp-content\/uploads\/2024\/07\/paddel_4-2048x2048.jpg 2048w\" sizes=\"(max-width: 2560px) 100vw, 2560px\" \/><\/a>\n\t\t\t<\/div><\/figure><figure class='gallery-item'>\n\t\t\t<div class='gallery-icon landscape'>\n\t\t\t\t<a data-elementor-open-lightbox=\"yes\" data-elementor-lightbox-slideshow=\"be0e4ba\" data-elementor-lightbox-title=\"paddel_3\" data-e-action-hash=\"#elementor-action%3Aaction%3Dlightbox%26settings%3DeyJpZCI6MTMwOSwidXJsIjoiaHR0cHM6XC9cL3B2ei5zZVwvdmRoXC93cC1jb250ZW50XC91cGxvYWRzXC8yMDI0XC8wN1wvcGFkZGVsXzMuanBnIiwic2xpZGVzaG93IjoiYmUwZTRiYSJ9\" href='https:\/\/pvz.se\/vdh\/wp-content\/uploads\/2024\/07\/paddel_3.jpg'><img loading=\"lazy\" decoding=\"async\" width=\"994\" height=\"994\" src=\"https:\/\/pvz.se\/vdh\/wp-content\/uploads\/2024\/07\/paddel_3.jpg\" class=\"attachment-full size-full\" alt=\"\" srcset=\"https:\/\/pvz.se\/vdh\/wp-content\/uploads\/2024\/07\/paddel_3.jpg 994w, https:\/\/pvz.se\/vdh\/wp-content\/uploads\/2024\/07\/paddel_3-300x300.jpg 300w, https:\/\/pvz.se\/vdh\/wp-content\/uploads\/2024\/07\/paddel_3-150x150.jpg 150w, https:\/\/pvz.se\/vdh\/wp-content\/uploads\/2024\/07\/paddel_3-768x768.jpg 768w\" sizes=\"(max-width: 994px) 100vw, 994px\" \/><\/a>\n\t\t\t<\/div><\/figure>\n\t\t<\/div>\n\t\t<\/div>\n\t\t\t\t\t\t<\/div>\n\t\t\t\t<\/div>\n\t\t\t\t<\/div>\n\t\t\t\t<\/div>\n\t\t\t\t<\/div>\n\t\t","protected":false},"excerpt":{"rendered":"<p>Paddling Priser &amp; bokning L\u00e4ngst ut p\u00e5 bryggan i Vedhalls hamn erbjuder vi uthyrning av havskajaker via sj\u00e4lvbetj\u00e4ning. Du genomf\u00f6r din bokning, l\u00e5ser upp och g\u00f6r dig redo f\u00f6r en h\u00e4rlig paddeltur p\u00e5 havet. Bokningen g\u00f6rs online \u2013 klicka p\u00e5 knappen BOKA NU&nbsp;nere i h\u00f6gra h\u00f6rnet p\u00e5 denna sida! Priserna f\u00f6r en- respektive tv\u00e5manskajak ser [&hellip;]<\/p>\n","protected":false},"author":1,"featured_media":0,"parent":0,"menu_order":0,"comment_status":"closed","ping_status":"closed","template":"elementor_header_footer","meta":{"footnotes":""},"class_list":["post-228","page","type-page","status-publish","hentry"],"_links":{"self":[{"href":"https:\/\/pvz.se\/vdh\/wp-json\/wp\/v2\/pages\/228","targetHints":{"allow":["GET"]}}],"collection":[{"href":"https:\/\/pvz.se\/vdh\/wp-json\/wp\/v2\/pages"}],"about":[{"href":"https:\/\/pvz.se\/vdh\/wp-json\/wp\/v2\/types\/page"}],"author":[{"embeddable":true,"href":"https:\/\/pvz.se\/vdh\/wp-json\/wp\/v2\/users\/1"}],"replies":[{"embeddable":true,"href":"https:\/\/pvz.se\/vdh\/wp-json\/wp\/v2\/comments?post=228"}],"version-history":[{"count":137,"href":"https:\/\/pvz.se\/vdh\/wp-json\/wp\/v2\/pages\/228\/revisions"}],"predecessor-version":[{"id":1465,"href":"https:\/\/pvz.se\/vdh\/wp-json\/wp\/v2\/pages\/228\/revisions\/1465"}],"wp:attachment":[{"href":"https:\/\/pvz.se\/vdh\/wp-json\/wp\/v2\/media?parent=228"}],"curies":[{"name":"wp","href":"https:\/\/api.w.org\/{rel}","templated":true}]}}