{"id":263,"date":"2024-07-17T10:36:51","date_gmt":"2024-07-17T10:36:51","guid":{"rendered":"https:\/\/pvz.se\/vdh\/?page_id=263"},"modified":"2024-07-18T20:03:35","modified_gmt":"2024-07-18T20:03:35","slug":"hem","status":"publish","type":"page","link":"https:\/\/pvz.se\/vdh\/","title":{"rendered":"Hem"},"content":{"rendered":"\t\t<div data-elementor-type=\"wp-page\" data-elementor-id=\"263\" class=\"elementor elementor-263\" data-elementor-post-type=\"page\">\n\t\t\t\t<div class=\"elementor-element elementor-element-a83e2d3 e-con-full e-flex e-con e-parent\" data-id=\"a83e2d3\" data-element_type=\"container\" data-e-type=\"container\" data-settings=\"{&quot;background_background&quot;:&quot;slideshow&quot;,&quot;background_slideshow_gallery&quot;:[{&quot;id&quot;:1278,&quot;url&quot;:&quot;http:\\\/\\\/pvz.se\\\/vdh\\\/wp-content\\\/uploads\\\/2024\\\/07\\\/startny_6-1.jpg&quot;}],&quot;background_slideshow_slide_duration&quot;:10000,&quot;background_slideshow_transition_duration&quot;:2000,&quot;background_slideshow_loop&quot;:&quot;yes&quot;,&quot;background_slideshow_slide_transition&quot;:&quot;fade&quot;}\">\n\t\t\t\t<div class=\"elementor-element elementor-element-0e6749c elementor-widget elementor-widget-image\" data-id=\"0e6749c\" data-element_type=\"widget\" data-e-type=\"widget\" data-widget_type=\"image.default\">\n\t\t\t\t<div class=\"elementor-widget-container\">\n\t\t\t\t\t\t\t\t\t\t\t\t\t\t\t<img fetchpriority=\"high\" decoding=\"async\" width=\"800\" height=\"466\" src=\"https:\/\/pvz.se\/vdh\/wp-content\/uploads\/2024\/07\/vedhamn_logo_neg-shd2-1024x596.png\" class=\"attachment-large size-large wp-image-117\" alt=\"\" srcset=\"https:\/\/pvz.se\/vdh\/wp-content\/uploads\/2024\/07\/vedhamn_logo_neg-shd2-1024x596.png 1024w, https:\/\/pvz.se\/vdh\/wp-content\/uploads\/2024\/07\/vedhamn_logo_neg-shd2-300x175.png 300w, https:\/\/pvz.se\/vdh\/wp-content\/uploads\/2024\/07\/vedhamn_logo_neg-shd2-768x447.png 768w, https:\/\/pvz.se\/vdh\/wp-content\/uploads\/2024\/07\/vedhamn_logo_neg-shd2-1536x894.png 1536w, https:\/\/pvz.se\/vdh\/wp-content\/uploads\/2024\/07\/vedhamn_logo_neg-shd2-2048x1191.png 2048w\" sizes=\"(max-width: 800px) 100vw, 800px\" \/>\t\t\t\t\t\t\t\t\t\t\t\t\t\t\t<\/div>\n\t\t\t\t<\/div>\n\t\t\t\t<\/div>\n\t\t<div class=\"elementor-element elementor-element-546b86b9 e-con-full e-flex e-con e-parent\" data-id=\"546b86b9\" data-element_type=\"container\" data-e-type=\"container\" id=\"next\" data-settings=\"{&quot;background_background&quot;:&quot;classic&quot;}\">\n\t\t<div class=\"elementor-element elementor-element-7750884c e-con-full e-flex e-con e-child\" data-id=\"7750884c\" data-element_type=\"container\" data-e-type=\"container\" data-settings=\"{&quot;background_background&quot;:&quot;classic&quot;}\">\n\t\t<div class=\"elementor-element elementor-element-3c55ed1d e-con-full e-flex e-con e-child\" data-id=\"3c55ed1d\" data-element_type=\"container\" data-e-type=\"container\">\n\t\t\t\t<div class=\"elementor-element elementor-element-d7f800e elementor-widget elementor-widget-heading\" data-id=\"d7f800e\" data-element_type=\"widget\" data-e-type=\"widget\" data-widget_type=\"heading.default\">\n\t\t\t\t<div class=\"elementor-widget-container\">\n\t\t\t\t\t<h2 class=\"elementor-heading-title elementor-size-default\">Varmt v\u00e4lkommen <br>till Vedhamn<\/h2>\t\t\t\t<\/div>\n\t\t\t\t<\/div>\n\t\t\t\t<div class=\"elementor-element elementor-element-46a0cb0 elementor-widget elementor-widget-text-editor\" data-id=\"46a0cb0\" data-element_type=\"widget\" data-e-type=\"widget\" data-widget_type=\"text-editor.default\">\n\t\t\t\t<div class=\"elementor-widget-container\">\n\t\t\t\t\t\t\t\t\t<p>Vedhamn har f\u00e5tt sitt namn fr\u00e5n samh\u00e4llet Vedhall som ligger d\u00e4r bron till lilla Fj\u00e4llsholmen m\u00f6ter fastlandet, 20 minuter fr\u00e5n Kung\u00e4lv. B\u00e5tv\u00e4gen \u00e4r det cirka fem distans fr\u00e5n Marstrand, Knippla och Bj\u00f6rlanda.&nbsp;<\/p>\t\t\t\t\t\t\t\t<\/div>\n\t\t\t\t<\/div>\n\t\t\t\t<div class=\"elementor-element elementor-element-7c80ed7 elementor-widget__width-auto elementor-widget elementor-widget-button\" data-id=\"7c80ed7\" data-element_type=\"widget\" data-e-type=\"widget\" data-widget_type=\"button.default\">\n\t\t\t\t<div class=\"elementor-widget-container\">\n\t\t\t\t\t\t\t\t\t<div class=\"elementor-button-wrapper\">\n\t\t\t\t\t<a class=\"elementor-button elementor-button-link elementor-size-sm\" href=\"https:\/\/pvz.se\/vdh\/om-vedhamn\/\">\n\t\t\t\t\t\t<span class=\"elementor-button-content-wrapper\">\n\t\t\t\t\t\t\t\t\t<span class=\"elementor-button-text\">mer om vedhamn<\/span>\n\t\t\t\t\t<\/span>\n\t\t\t\t\t<\/a>\n\t\t\t\t<\/div>\n\t\t\t\t\t\t\t\t<\/div>\n\t\t\t\t<\/div>\n\t\t\t\t<\/div>\n\t\t\t\t<\/div>\n\t\t<div class=\"elementor-element elementor-element-ade6ef6 e-con-full e-flex e-con e-child\" data-id=\"ade6ef6\" data-element_type=\"container\" data-e-type=\"container\" data-settings=\"{&quot;background_background&quot;:&quot;classic&quot;}\">\n\t\t\t\t<div class=\"elementor-element elementor-element-321e5d1 elementor-widget elementor-widget-text-editor\" data-id=\"321e5d1\" data-element_type=\"widget\" data-e-type=\"widget\" data-widget_type=\"text-editor.default\">\n\t\t\t\t<div class=\"elementor-widget-container\">\n\t\t\t\t\t\t\t\t\t<p>B\u00c5TPLATS<\/p>\t\t\t\t\t\t\t\t<\/div>\n\t\t\t\t<\/div>\n\t\t\t\t<div class=\"elementor-element elementor-element-88539bc elementor-widget elementor-widget-image\" data-id=\"88539bc\" data-element_type=\"widget\" data-e-type=\"widget\" data-widget_type=\"image.default\">\n\t\t\t\t<div class=\"elementor-widget-container\">\n\t\t\t\t\t\t\t\t\t\t\t\t\t\t\t<img decoding=\"async\" width=\"800\" height=\"520\" src=\"https:\/\/pvz.se\/vdh\/wp-content\/uploads\/2024\/07\/batplats_fram-1024x666.jpg\" class=\"attachment-large size-large wp-image-1417\" alt=\"\" srcset=\"https:\/\/pvz.se\/vdh\/wp-content\/uploads\/2024\/07\/batplats_fram-1024x666.jpg 1024w, https:\/\/pvz.se\/vdh\/wp-content\/uploads\/2024\/07\/batplats_fram-300x195.jpg 300w, https:\/\/pvz.se\/vdh\/wp-content\/uploads\/2024\/07\/batplats_fram-768x499.jpg 768w, https:\/\/pvz.se\/vdh\/wp-content\/uploads\/2024\/07\/batplats_fram-1536x998.jpg 1536w, https:\/\/pvz.se\/vdh\/wp-content\/uploads\/2024\/07\/batplats_fram.jpg 2000w\" sizes=\"(max-width: 800px) 100vw, 800px\" \/>\t\t\t\t\t\t\t\t\t\t\t\t\t\t\t<\/div>\n\t\t\t\t<\/div>\n\t\t\t\t<div class=\"elementor-element elementor-element-32faca8 elementor-widget elementor-widget-heading\" data-id=\"32faca8\" data-element_type=\"widget\" data-e-type=\"widget\" data-widget_type=\"heading.default\">\n\t\t\t\t<div class=\"elementor-widget-container\">\n\t\t\t\t\t<h2 class=\"elementor-heading-title elementor-size-default\">Plats f\u00f6r olika typer av b\u00e5tar<\/h2>\t\t\t\t<\/div>\n\t\t\t\t<\/div>\n\t\t\t\t<div class=\"elementor-element elementor-element-d7fd2c0 elementor-widget elementor-widget-text-editor\" data-id=\"d7fd2c0\" data-element_type=\"widget\" data-e-type=\"widget\" data-widget_type=\"text-editor.default\">\n\t\t\t\t<div class=\"elementor-widget-container\">\n\t\t\t\t\t\t\t\t\t<p>Vi har platser vid olika typer av bryggor f\u00f6r att m\u00f6ta olika behov. H\u00e4r kan du se en \u00f6verblick av de olika alternativen samt ans\u00f6ka om plats.<\/p>\t\t\t\t\t\t\t\t<\/div>\n\t\t\t\t<\/div>\n\t\t\t\t<div class=\"elementor-element elementor-element-8535f8f elementor-widget__width-auto elementor-widget elementor-widget-button\" data-id=\"8535f8f\" data-element_type=\"widget\" data-e-type=\"widget\" data-widget_type=\"button.default\">\n\t\t\t\t<div class=\"elementor-widget-container\">\n\t\t\t\t\t\t\t\t\t<div class=\"elementor-button-wrapper\">\n\t\t\t\t\t<a class=\"elementor-button elementor-button-link elementor-size-sm\" href=\"https:\/\/pvz.se\/vdh\/batplats\/\">\n\t\t\t\t\t\t<span class=\"elementor-button-content-wrapper\">\n\t\t\t\t\t\t\t\t\t<span class=\"elementor-button-text\">ANS\u00d6K OM PLATS<\/span>\n\t\t\t\t\t<\/span>\n\t\t\t\t\t<\/a>\n\t\t\t\t<\/div>\n\t\t\t\t\t\t\t\t<\/div>\n\t\t\t\t<\/div>\n\t\t\t\t<\/div>\n\t\t<div class=\"elementor-element elementor-element-46dd61f e-con-full e-flex e-con e-child\" data-id=\"46dd61f\" data-element_type=\"container\" data-e-type=\"container\" data-settings=\"{&quot;background_background&quot;:&quot;classic&quot;}\">\n\t\t\t\t<div class=\"elementor-element elementor-element-8b0f4f9 elementor-widget elementor-widget-text-editor\" data-id=\"8b0f4f9\" data-element_type=\"widget\" data-e-type=\"widget\" data-widget_type=\"text-editor.default\">\n\t\t\t\t<div class=\"elementor-widget-container\">\n\t\t\t\t\t\t\t\t\t<p>paddling<\/p>\t\t\t\t\t\t\t\t<\/div>\n\t\t\t\t<\/div>\n\t\t\t\t<div class=\"elementor-element elementor-element-3e48c41 elementor-widget elementor-widget-image\" data-id=\"3e48c41\" data-element_type=\"widget\" data-e-type=\"widget\" data-widget_type=\"image.default\">\n\t\t\t\t<div class=\"elementor-widget-container\">\n\t\t\t\t\t\t\t\t\t\t\t\t\t\t\t<img decoding=\"async\" width=\"800\" height=\"520\" src=\"https:\/\/pvz.se\/vdh\/wp-content\/uploads\/2024\/07\/paddelfram-1024x666.jpg\" class=\"attachment-large size-large wp-image-1413\" alt=\"\" srcset=\"https:\/\/pvz.se\/vdh\/wp-content\/uploads\/2024\/07\/paddelfram-1024x666.jpg 1024w, https:\/\/pvz.se\/vdh\/wp-content\/uploads\/2024\/07\/paddelfram-300x195.jpg 300w, https:\/\/pvz.se\/vdh\/wp-content\/uploads\/2024\/07\/paddelfram-768x499.jpg 768w, https:\/\/pvz.se\/vdh\/wp-content\/uploads\/2024\/07\/paddelfram-1536x998.jpg 1536w, https:\/\/pvz.se\/vdh\/wp-content\/uploads\/2024\/07\/paddelfram.jpg 2000w\" sizes=\"(max-width: 800px) 100vw, 800px\" \/>\t\t\t\t\t\t\t\t\t\t\t\t\t\t\t<\/div>\n\t\t\t\t<\/div>\n\t\t\t\t<div class=\"elementor-element elementor-element-95a2108 elementor-widget elementor-widget-heading\" data-id=\"95a2108\" data-element_type=\"widget\" data-e-type=\"widget\" data-widget_type=\"heading.default\">\n\t\t\t\t<div class=\"elementor-widget-container\">\n\t\t\t\t\t<h2 class=\"elementor-heading-title elementor-size-default\">Hyr kajak f\u00f6r en eller tv\u00e5 personer<\/h2>\t\t\t\t<\/div>\n\t\t\t\t<\/div>\n\t\t\t\t<div class=\"elementor-element elementor-element-c422f86 elementor-widget elementor-widget-text-editor\" data-id=\"c422f86\" data-element_type=\"widget\" data-e-type=\"widget\" data-widget_type=\"text-editor.default\">\n\t\t\t\t<div class=\"elementor-widget-container\">\n\t\t\t\t\t\t\t\t\t<div class=\"page\" title=\"Page 1\"><div class=\"section\"><div class=\"layoutArea\"><div class=\"column\"><p>La\u0308ngst ut pa\u030a bryggan i Vedhalls hamn erbjuder vi uthyrning av havskajaker via sja\u0308lvbetja\u0308ning. Bokning kan g\u00f6ras h\u00e4r via hemsidan.<\/p><\/div><\/div><\/div><\/div>\t\t\t\t\t\t\t\t<\/div>\n\t\t\t\t<\/div>\n\t\t\t\t<div class=\"elementor-element elementor-element-7ed59a1 elementor-widget__width-auto elementor-widget elementor-widget-button\" data-id=\"7ed59a1\" data-element_type=\"widget\" data-e-type=\"widget\" data-widget_type=\"button.default\">\n\t\t\t\t<div class=\"elementor-widget-container\">\n\t\t\t\t\t\t\t\t\t<div class=\"elementor-button-wrapper\">\n\t\t\t\t\t<a class=\"elementor-button elementor-button-link elementor-size-sm\" href=\"https:\/\/pvz.se\/vdh\/paddling\/\">\n\t\t\t\t\t\t<span class=\"elementor-button-content-wrapper\">\n\t\t\t\t\t\t\t\t\t<span class=\"elementor-button-text\">boka h\u00e4r<\/span>\n\t\t\t\t\t<\/span>\n\t\t\t\t\t<\/a>\n\t\t\t\t<\/div>\n\t\t\t\t\t\t\t\t<\/div>\n\t\t\t\t<\/div>\n\t\t\t\t<\/div>\n\t\t<div class=\"elementor-element elementor-element-4b9d805 e-con-full e-flex e-con e-child\" data-id=\"4b9d805\" data-element_type=\"container\" data-e-type=\"container\" data-settings=\"{&quot;background_background&quot;:&quot;classic&quot;}\">\n\t\t\t\t<div class=\"elementor-element elementor-element-f9eeabf elementor-widget elementor-widget-text-editor\" data-id=\"f9eeabf\" data-element_type=\"widget\" data-e-type=\"widget\" data-widget_type=\"text-editor.default\">\n\t\t\t\t<div class=\"elementor-widget-container\">\n\t\t\t\t\t\t\t\t\t<p>loggbok<\/p>\t\t\t\t\t\t\t\t<\/div>\n\t\t\t\t<\/div>\n\t\t\t\t<div class=\"elementor-element elementor-element-a79c1dd elementor-grid-1 elementor-grid-tablet-2 elementor-grid-mobile-1 elementor-posts--thumbnail-top elementor-widget elementor-widget-posts\" data-id=\"a79c1dd\" data-element_type=\"widget\" data-e-type=\"widget\" data-settings=\"{&quot;classic_columns&quot;:&quot;1&quot;,&quot;classic_row_gap&quot;:{&quot;unit&quot;:&quot;px&quot;,&quot;size&quot;:30,&quot;sizes&quot;:[]},&quot;classic_columns_tablet&quot;:&quot;2&quot;,&quot;classic_columns_mobile&quot;:&quot;1&quot;,&quot;classic_row_gap_tablet&quot;:{&quot;unit&quot;:&quot;px&quot;,&quot;size&quot;:&quot;&quot;,&quot;sizes&quot;:[]},&quot;classic_row_gap_mobile&quot;:{&quot;unit&quot;:&quot;px&quot;,&quot;size&quot;:&quot;&quot;,&quot;sizes&quot;:[]}}\" data-widget_type=\"posts.classic\">\n\t\t\t\t<div class=\"elementor-widget-container\">\n\t\t\t\t\t\t\t<div class=\"elementor-posts-container elementor-posts elementor-posts--skin-classic elementor-grid\">\n\t\t\t\t<article class=\"elementor-post elementor-grid-item post-1541 post type-post status-publish format-standard has-post-thumbnail hentry category-uncategorized\">\n\t\t\t\t<a class=\"elementor-post__thumbnail__link\" href=\"https:\/\/pvz.se\/vdh\/2025\/09\/12\/nyhet-prislista-for-batservice\/\" tabindex=\"-1\" >\n\t\t\t<div class=\"elementor-post__thumbnail\"><img loading=\"lazy\" decoding=\"async\" width=\"300\" height=\"233\" src=\"https:\/\/pvz.se\/vdh\/wp-content\/uploads\/2024\/07\/vedhny6-300x233.jpg\" class=\"attachment-medium size-medium wp-image-1373\" alt=\"\" srcset=\"https:\/\/pvz.se\/vdh\/wp-content\/uploads\/2024\/07\/vedhny6-300x233.jpg 300w, https:\/\/pvz.se\/vdh\/wp-content\/uploads\/2024\/07\/vedhny6-1024x795.jpg 1024w, https:\/\/pvz.se\/vdh\/wp-content\/uploads\/2024\/07\/vedhny6-768x596.jpg 768w, https:\/\/pvz.se\/vdh\/wp-content\/uploads\/2024\/07\/vedhny6-1536x1192.jpg 1536w, https:\/\/pvz.se\/vdh\/wp-content\/uploads\/2024\/07\/vedhny6-2048x1589.jpg 2048w\" sizes=\"(max-width: 300px) 100vw, 300px\" \/><\/div>\n\t\t<\/a>\n\t\t\t\t<div class=\"elementor-post__text\">\n\t\t\t\t<h3 class=\"elementor-post__title\">\n\t\t\t<a href=\"https:\/\/pvz.se\/vdh\/2025\/09\/12\/nyhet-prislista-for-batservice\/\" >\n\t\t\t\tNyhet: Prislista f\u00f6r b\u00e5tservice!\t\t\t<\/a>\n\t\t<\/h3>\n\t\t\t\t<div class=\"elementor-post__meta-data\">\n\t\t\t\t\t<span class=\"elementor-post-date\">\n\t\t\t12 september 2025\t\t<\/span>\n\t\t\t\t<\/div>\n\t\t\t\t<div class=\"elementor-post__excerpt\">\n\t\t\t<p>Vi har nu en prislista f\u00f6r b\u00e5tservice p\u00e5 sajten. Du hittar den i menyn l\u00e4ngst upp p\u00e5 sidan.<\/p>\n\t\t<\/div>\n\t\t\t\t<\/div>\n\t\t\t\t<\/article>\n\t\t\t\t<\/div>\n\t\t\n\t\t\t\t\t\t<\/div>\n\t\t\t\t<\/div>\n\t\t\t\t<div class=\"elementor-element elementor-element-3ae9e9f elementor-widget__width-auto elementor-widget elementor-widget-button\" data-id=\"3ae9e9f\" data-element_type=\"widget\" data-e-type=\"widget\" data-widget_type=\"button.default\">\n\t\t\t\t<div class=\"elementor-widget-container\">\n\t\t\t\t\t\t\t\t\t<div class=\"elementor-button-wrapper\">\n\t\t\t\t\t<a class=\"elementor-button elementor-button-link elementor-size-sm\" href=\"https:\/\/pvz.se\/vdh\/loggbok\/\">\n\t\t\t\t\t\t<span class=\"elementor-button-content-wrapper\">\n\t\t\t\t\t\t\t\t\t<span class=\"elementor-button-text\">alla inl\u00e4gg<\/span>\n\t\t\t\t\t<\/span>\n\t\t\t\t\t<\/a>\n\t\t\t\t<\/div>\n\t\t\t\t\t\t\t\t<\/div>\n\t\t\t\t<\/div>\n\t\t\t\t<\/div>\n\t\t\t\t<\/div>\n\t\t\t\t<\/div>\n\t\t","protected":false},"excerpt":{"rendered":"<p>Varmt v\u00e4lkommen till Vedhamn Vedhamn har f\u00e5tt sitt namn fr\u00e5n samh\u00e4llet Vedhall som ligger d\u00e4r bron till lilla Fj\u00e4llsholmen m\u00f6ter fastlandet, 20 minuter fr\u00e5n Kung\u00e4lv. B\u00e5tv\u00e4gen \u00e4r det cirka fem distans fr\u00e5n Marstrand, Knippla och Bj\u00f6rlanda.&nbsp; mer om vedhamn B\u00c5TPLATS Plats f\u00f6r olika typer av b\u00e5tar Vi har platser vid olika typer av bryggor f\u00f6r [&hellip;]<\/p>\n","protected":false},"author":1,"featured_media":0,"parent":0,"menu_order":0,"comment_status":"closed","ping_status":"closed","template":"elementor_header_footer","meta":{"footnotes":""},"class_list":["post-263","page","type-page","status-publish","hentry"],"_links":{"self":[{"href":"https:\/\/pvz.se\/vdh\/wp-json\/wp\/v2\/pages\/263","targetHints":{"allow":["GET"]}}],"collection":[{"href":"https:\/\/pvz.se\/vdh\/wp-json\/wp\/v2\/pages"}],"about":[{"href":"https:\/\/pvz.se\/vdh\/wp-json\/wp\/v2\/types\/page"}],"author":[{"embeddable":true,"href":"https:\/\/pvz.se\/vdh\/wp-json\/wp\/v2\/users\/1"}],"replies":[{"embeddable":true,"href":"https:\/\/pvz.se\/vdh\/wp-json\/wp\/v2\/comments?post=263"}],"version-history":[{"count":343,"href":"https:\/\/pvz.se\/vdh\/wp-json\/wp\/v2\/pages\/263\/revisions"}],"predecessor-version":[{"id":1442,"href":"https:\/\/pvz.se\/vdh\/wp-json\/wp\/v2\/pages\/263\/revisions\/1442"}],"wp:attachment":[{"href":"https:\/\/pvz.se\/vdh\/wp-json\/wp\/v2\/media?parent=263"}],"curies":[{"name":"wp","href":"https:\/\/api.w.org\/{rel}","templated":true}]}}